{"id":158,"date":"2021-09-29T20:10:08","date_gmt":"2021-09-29T20:10:08","guid":{"rendered":"https:\/\/digitalsailingclub.ch\/?page_id=158"},"modified":"2021-09-29T20:10:10","modified_gmt":"2021-09-29T20:10:10","slug":"teilnahmebedingungen-fuer-events","status":"publish","type":"page","link":"https:\/\/digitalsailingclub.ch\/index.php\/teilnahmebedingungen-fuer-events\/","title":{"rendered":"Teilnahmebedingungen f\u00fcr Events"},"content":{"rendered":"\n<p><em>Der Club \u00fcbernimmt keine Haftung f\u00fcr Sch\u00e4den, die sich im Rahmen von Segelveranstaltungen des Clubs ereignen. Die Verantwortung tr\u00e4gt der jeweilige Skipper. Er kann daf\u00fcr eine L\u00f6sung mit seiner Crew vereinbaren. Wir empfehlen zum Beispiel im Zusammenhang mit der Nutzung der Sailcom Boote den Abschluss der Versicherung (Kosten 75 CHF j\u00e4hrlich) zur Reduktion des Selbstbehalts auf 150 CHF.<\/em><\/p>\n\n\n\n<p><em>Die Teilnehmer von durch den DSC organisierten Veranstaltungen sind sich bewusst, dass im Rahmen der Events entehende Fotos und Videos auf der Website ver\u00f6ffentlicht werden k\u00f6nnen. <\/em><\/p>\n","protected":false},"excerpt":{"rendered":"<p>Der Club \u00fcbernimmt keine Haftung f\u00fcr Sch\u00e4den, die sich im Rahmen von Segelveranstaltungen des Clubs ereignen. Die Verantwortung tr\u00e4gt der jeweilige Skipper. Er kann daf\u00fcr eine L\u00f6sung mit seiner Crew vereinbaren. Wir empfehlen zum Beispiel im Zusammenhang mit der Nutzung der Sailcom Boote den Abschluss der Versicherung (Kosten 75 CHF j\u00e4hrlich) zur Reduktion des Selbstbehalts auf 150 CHF. Die Teilnehmer von durch den DSC organisierten Veranstaltungen sind sich bewusst, dass im Rahmen der Events entehende Fotos und Videos auf der Website ver\u00f6ffentlicht werden k\u00f6nnen.<\/p>\n","protected":false},"author":1,"featured_media":0,"parent":0,"menu_order":0,"comment_status":"closed","ping_status":"closed","template":"","meta":{"spay_email":"","footnotes":""},"class_list":["post-158","page","type-page","status-publish","hentry"],"_links":{"self":[{"href":"https:\/\/digitalsailingclub.ch\/index.php\/wp-json\/wp\/v2\/pages\/158","targetHints":{"allow":["GET"]}}],"collection":[{"href":"https:\/\/digitalsailingclub.ch\/index.php\/wp-json\/wp\/v2\/pages"}],"about":[{"href":"https:\/\/digitalsailingclub.ch\/index.php\/wp-json\/wp\/v2\/types\/page"}],"author":[{"embeddable":true,"href":"https:\/\/digitalsailingclub.ch\/index.php\/wp-json\/wp\/v2\/users\/1"}],"replies":[{"embeddable":true,"href":"https:\/\/digitalsailingclub.ch\/index.php\/wp-json\/wp\/v2\/comments?post=158"}],"version-history":[{"count":1,"href":"https:\/\/digitalsailingclub.ch\/index.php\/wp-json\/wp\/v2\/pages\/158\/revisions"}],"predecessor-version":[{"id":159,"href":"https:\/\/digitalsailingclub.ch\/index.php\/wp-json\/wp\/v2\/pages\/158\/revisions\/159"}],"wp:attachment":[{"href":"https:\/\/digitalsailingclub.ch\/index.php\/wp-json\/wp\/v2\/media?parent=158"}],"curies":[{"name":"wp","href":"https:\/\/api.w.org\/{rel}","templated":true}]}}